{"id":1027,"date":"2018-10-11T16:18:44","date_gmt":"2018-10-11T14:18:44","guid":{"rendered":"http:\/\/juwelierberinger.de\/?page_id=1027"},"modified":"2022-12-06T00:16:07","modified_gmt":"2022-12-05T22:16:07","slug":"moebiusschmuck","status":"publish","type":"page","link":"https:\/\/juwelierberinger.de\/?page_id=1027","title":{"rendered":"M\u00f6biusschmuck"},"content":{"rendered":"<p><span style=\"display: inline !important; float: none; background-color: transparent; color: #2b2b2b; font-family: 'Source Sans Pro',HelveticaNeue-Light,'Helvetica Neue Light','Helvetica Neue',Helvetica,Arial,'Lucida Grande',sans-serif; font-size: 25.73px; font-style: normal; font-variant: normal; font-weight: 300; letter-spacing: normal; orphans: 2; text-align: left; text-decoration: none; text-indent: 0px; text-transform: none; -webkit-text-stroke-width: 0px; white-space: normal; word-spacing: 0px;\">LIEBE IST \u2013 <\/span><a href=\"https:\/\/moebius-schmuck.de\/shop\" target=\"_blank\" rel=\"noopener\">M\u00d6BIUSSCHMUCK SCHENKEN<\/a><\/p>\n<h1>Zwei Spuren der Liebe f\u00fchren auf einen gemeinsamen Weg<\/h1>\n<h4>Harmonisch dreht sich das Edelmetall&nbsp; und gibt ein perfektes Miteinander.<\/h4>\n<p>Der alleine begonnene Weg f\u00fchrt beim Durchlaufen auf einen gemeinsamen Weg, der endlos fortgef\u00fchrt wird.<\/p>\n<h1>Symbol f\u00fcr: Kommunikation, Liebe, Gemeinsamkeiten und Unendlichkeit.<\/h1>\n<ul>\n<li>Es gibt keinen Anfang und kein Ende<\/li>\n<li>Au\u00dfen- und Innenwelt verschmelzen miteinander<\/li>\n<li>Innere und \u00e4u\u00dfere Sch\u00f6nheit werden EINS.<\/li>\n<\/ul>\n<p><a href=\"https:\/\/moebius-schmuck.de\/shop\" target=\"_blank\" rel=\"noopener\">Jetzt Bestellen!<\/a><\/p>\nngg_shortcode_0_placeholder\n<h3>Das M\u00f6biusband<\/h3>\n<p>1858 beschrieben vom Leipziger Mathematiker und Astronomen August Ferdinand M\u00f6bius, ist nicht orientierbar. Das hei\u00dft, man kann nicht zwischen unten und oben oder zwischen innen und au\u00dfen unterscheiden.<\/p>\n","protected":false},"excerpt":{"rendered":"<p>LIEBE IST \u2013 M\u00d6BIUSSCHMUCK SCHENKEN Zwei Spuren der Liebe f\u00fchren auf einen gemeinsamen Weg Harmonisch dreht sich das Edelmetall&nbsp; und gibt ein perfektes Miteinander. Der alleine begonnene Weg f\u00fchrt beim Durchlaufen auf einen gemeinsamen Weg, der endlos fortgef\u00fchrt wird. Symbol f\u00fcr: Kommunikation, Liebe, Gemeinsamkeiten und Unendlichkeit. Es gibt keinen Anfang und kein Ende Au\u00dfen- und [&hellip;]<\/p>\n","protected":false},"author":1,"featured_media":0,"parent":226,"menu_order":0,"comment_status":"closed","ping_status":"closed","template":"","meta":{"_monsterinsights_skip_tracking":false,"_monsterinsights_sitenote_active":false,"_monsterinsights_sitenote_note":"","_monsterinsights_sitenote_category":0,"ngg_post_thumbnail":0,"jetpack_post_was_ever_published":false,"footnotes":""},"class_list":["post-1027","page","type-page","status-publish","hentry"],"jetpack_sharing_enabled":true,"jetpack_shortlink":"https:\/\/wp.me\/P9pCGP-gz","_links":{"self":[{"href":"https:\/\/juwelierberinger.de\/index.php?rest_route=\/wp\/v2\/pages\/1027","targetHints":{"allow":["GET"]}}],"collection":[{"href":"https:\/\/juwelierberinger.de\/index.php?rest_route=\/wp\/v2\/pages"}],"about":[{"href":"https:\/\/juwelierberinger.de\/index.php?rest_route=\/wp\/v2\/types\/page"}],"author":[{"embeddable":true,"href":"https:\/\/juwelierberinger.de\/index.php?rest_route=\/wp\/v2\/users\/1"}],"replies":[{"embeddable":true,"href":"https:\/\/juwelierberinger.de\/index.php?rest_route=%2Fwp%2Fv2%2Fcomments&post=1027"}],"version-history":[{"count":5,"href":"https:\/\/juwelierberinger.de\/index.php?rest_route=\/wp\/v2\/pages\/1027\/revisions"}],"predecessor-version":[{"id":1050,"href":"https:\/\/juwelierberinger.de\/index.php?rest_route=\/wp\/v2\/pages\/1027\/revisions\/1050"}],"up":[{"embeddable":true,"href":"https:\/\/juwelierberinger.de\/index.php?rest_route=\/wp\/v2\/pages\/226"}],"wp:attachment":[{"href":"https:\/\/juwelierberinger.de\/index.php?rest_route=%2Fwp%2Fv2%2Fmedia&parent=1027"}],"curies":[{"name":"wp","href":"https:\/\/api.w.org\/{rel}","templated":true}]}}