{"id":1078,"date":"2019-04-12T15:23:33","date_gmt":"2019-04-12T13:23:33","guid":{"rendered":"http:\/\/juwelierberinger.de\/?page_id=1078"},"modified":"2024-09-24T15:30:48","modified_gmt":"2024-09-24T13:30:48","slug":"lasergravuren","status":"publish","type":"page","link":"https:\/\/juwelierberinger.de\/?page_id=1078","title":{"rendered":"Lasergravuren"},"content":{"rendered":"\n<iframe src=\"https:\/\/www.facebook.com\/plugins\/video.php?href=https%3A%2F%2Fwww.facebook.com%2FGoldschmiedemeister%2Fvideos%2F1401496163324275%2F&amp;show_text=0&amp;width=560\" width=\"560\" height=\"315\" style=\"border:none;overflow:hidden\" scrolling=\"no\" frameborder=\"0\" allowtransparency=\"true\" allowfullscreen=\"true\"><\/iframe>\n\n\n\n<h1 class=\"wp-block-heading has-text-align-center\">Wir gravieren f\u00fcr Sie!\u00a0<\/h1>\n\n\n\n<h2 class=\"wp-block-heading has-text-align-center\">Fingerabdruck, Unterschrift, Logo, Fotogravur, Monogramm, Texte,&#8230;\u2026.<\/h2>\n\n\n\n<p class=\"has-text-align-center\">Auf Anh\u00e4nger, Ring Innen, Ring Au\u00dfen, Uhren, G\u00fcrtelschnallen,&#8230;\u2026..<\/p>\n\n\n\n<h2 class=\"wp-block-heading has-text-align-center\">M\u00f6gliche Anl\u00e4sse:<\/h2>\n\n\n\n<p class=\"has-text-align-center\">Geburtstag, Jubil\u00e4um, Pr\u00fcfung, Jahrestag, Liebe,&#8230;.<\/p>\n\n\n\n<p class=\"has-text-align-center\">Bitte fragen sie! <a href=\"mailto:info@goldschmiedethein.de\">info@juwelierberinger.de<\/a> oder 09721-16950<\/p>\n\n\n\nngg_shortcode_0_placeholder\n","protected":false},"excerpt":{"rendered":"<p>Wir gravieren f\u00fcr Sie!\u00a0 Fingerabdruck, Unterschrift, Logo, Fotogravur, Monogramm, Texte,&#8230;\u2026. Auf Anh\u00e4nger, Ring Innen, Ring Au\u00dfen, Uhren, G\u00fcrtelschnallen,&#8230;\u2026.. M\u00f6gliche Anl\u00e4sse: Geburtstag, Jubil\u00e4um, Pr\u00fcfung, Jahrestag, Liebe,&#8230;. Bitte fragen sie! info@juwelierberinger.de oder 09721-16950<\/p>\n","protected":false},"author":1,"featured_media":0,"parent":83,"menu_order":0,"comment_status":"closed","ping_status":"closed","template":"","meta":{"_monsterinsights_skip_tracking":false,"_monsterinsights_sitenote_active":false,"_monsterinsights_sitenote_note":"","_monsterinsights_sitenote_category":0,"ngg_post_thumbnail":0,"jetpack_post_was_ever_published":false,"footnotes":""},"class_list":["post-1078","page","type-page","status-publish","hentry"],"jetpack_sharing_enabled":true,"jetpack_shortlink":"https:\/\/wp.me\/P9pCGP-ho","_links":{"self":[{"href":"https:\/\/juwelierberinger.de\/index.php?rest_route=\/wp\/v2\/pages\/1078","targetHints":{"allow":["GET"]}}],"collection":[{"href":"https:\/\/juwelierberinger.de\/index.php?rest_route=\/wp\/v2\/pages"}],"about":[{"href":"https:\/\/juwelierberinger.de\/index.php?rest_route=\/wp\/v2\/types\/page"}],"author":[{"embeddable":true,"href":"https:\/\/juwelierberinger.de\/index.php?rest_route=\/wp\/v2\/users\/1"}],"replies":[{"embeddable":true,"href":"https:\/\/juwelierberinger.de\/index.php?rest_route=%2Fwp%2Fv2%2Fcomments&post=1078"}],"version-history":[{"count":9,"href":"https:\/\/juwelierberinger.de\/index.php?rest_route=\/wp\/v2\/pages\/1078\/revisions"}],"predecessor-version":[{"id":1981,"href":"https:\/\/juwelierberinger.de\/index.php?rest_route=\/wp\/v2\/pages\/1078\/revisions\/1981"}],"up":[{"embeddable":true,"href":"https:\/\/juwelierberinger.de\/index.php?rest_route=\/wp\/v2\/pages\/83"}],"wp:attachment":[{"href":"https:\/\/juwelierberinger.de\/index.php?rest_route=%2Fwp%2Fv2%2Fmedia&parent=1078"}],"curies":[{"name":"wp","href":"https:\/\/api.w.org\/{rel}","templated":true}]}}