{"id":124,"date":"2016-07-15T08:54:56","date_gmt":"2016-07-15T06:54:56","guid":{"rendered":"http:\/\/juwelierberinger.de\/?page_id=124"},"modified":"2022-12-06T00:15:16","modified_gmt":"2022-12-05T22:15:16","slug":"goldankauf","status":"publish","type":"page","link":"https:\/\/juwelierberinger.de\/?page_id=124","title":{"rendered":"Goldankauf"},"content":{"rendered":"<h3>Der aktuelle Goldkurs<\/h3>\n<p><a href=\"https:\/\/juwelierberinger.de\/?page_id=143\" target=\"_blank\" rel=\"nofollow noopener noreferrer\"><img decoding=\"async\" class=\"aligncenter\" src=\"http:\/\/charts.gold.de\/preisgrafiken\/preisgrafik468x20eur.jpg\"><\/a><strong>Wir kaufen ihr Altgold<\/strong> zu einem fairen Preis &#8211; egal ob defekter Schmuck, M\u00fcnzen oder Zahngold. Um ein verbindliches Angebot zu erhalten kommen sie bitte pers\u00f6nlich bei uns im Gesch\u00e4ft vorbei. Wir fassen auf Wunsch ihre Steine aus &#8211; daraus kann man eventuell ein neues Schmuckst\u00fcck anfertigen. Unser Goldschmied macht ihnen gerne Vorschl\u00e4ge.<\/p>\n<p>Oder sie lassen sich aus ihrem Familiengold ein neues Schmuckst\u00fcck anfertigen. Wir beraten sie gerne.<\/p>\n<h4>Juwelier Beringer &#8211; Tradition schafft Vertrauen<\/h4>\n","protected":false},"excerpt":{"rendered":"<p>Der aktuelle Goldkurs Wir kaufen ihr Altgold zu einem fairen Preis &#8211; egal ob defekter Schmuck, M\u00fcnzen oder Zahngold. Um ein verbindliches Angebot zu erhalten kommen sie bitte pers\u00f6nlich bei uns im Gesch\u00e4ft vorbei. Wir fassen auf Wunsch ihre Steine aus &#8211; daraus kann man eventuell ein neues Schmuckst\u00fcck anfertigen. Unser Goldschmied macht ihnen gerne [&hellip;]<\/p>\n","protected":false},"author":1,"featured_media":129,"parent":83,"menu_order":0,"comment_status":"closed","ping_status":"closed","template":"","meta":{"_monsterinsights_skip_tracking":false,"_monsterinsights_sitenote_active":false,"_monsterinsights_sitenote_note":"","_monsterinsights_sitenote_category":0,"ngg_post_thumbnail":0,"jetpack_post_was_ever_published":false,"footnotes":""},"class_list":["post-124","page","type-page","status-publish","has-post-thumbnail","hentry"],"jetpack_sharing_enabled":true,"jetpack_shortlink":"https:\/\/wp.me\/P9pCGP-20","_links":{"self":[{"href":"https:\/\/juwelierberinger.de\/index.php?rest_route=\/wp\/v2\/pages\/124","targetHints":{"allow":["GET"]}}],"collection":[{"href":"https:\/\/juwelierberinger.de\/index.php?rest_route=\/wp\/v2\/pages"}],"about":[{"href":"https:\/\/juwelierberinger.de\/index.php?rest_route=\/wp\/v2\/types\/page"}],"author":[{"embeddable":true,"href":"https:\/\/juwelierberinger.de\/index.php?rest_route=\/wp\/v2\/users\/1"}],"replies":[{"embeddable":true,"href":"https:\/\/juwelierberinger.de\/index.php?rest_route=%2Fwp%2Fv2%2Fcomments&post=124"}],"version-history":[{"count":6,"href":"https:\/\/juwelierberinger.de\/index.php?rest_route=\/wp\/v2\/pages\/124\/revisions"}],"predecessor-version":[{"id":1107,"href":"https:\/\/juwelierberinger.de\/index.php?rest_route=\/wp\/v2\/pages\/124\/revisions\/1107"}],"up":[{"embeddable":true,"href":"https:\/\/juwelierberinger.de\/index.php?rest_route=\/wp\/v2\/pages\/83"}],"wp:featuredmedia":[{"embeddable":true,"href":"https:\/\/juwelierberinger.de\/index.php?rest_route=\/wp\/v2\/media\/129"}],"wp:attachment":[{"href":"https:\/\/juwelierberinger.de\/index.php?rest_route=%2Fwp%2Fv2%2Fmedia&parent=124"}],"curies":[{"name":"wp","href":"https:\/\/api.w.org\/{rel}","templated":true}]}}