{"id":1394,"date":"2022-07-01T16:15:52","date_gmt":"2022-07-01T14:15:52","guid":{"rendered":"http:\/\/juwelierberinger.de\/?page_id=1394"},"modified":"2023-03-20T20:36:54","modified_gmt":"2023-03-20T18:36:54","slug":"edox","status":"publish","type":"page","link":"https:\/\/juwelierberinger.de\/?page_id=1394","title":{"rendered":"Edox"},"content":{"rendered":"\n<h1 class=\"has-text-align-center wp-block-heading\">EDOX &#8211; Au\u00dfergew\u00f6hnliche Uhren<\/h1>\n\n\n\n<h2 class=\"has-text-align-center wp-block-heading\">Schweizer Uhrentradition seit 1884<\/h2>\n\n\n\n<p><\/p>\n\n\n\n<p class=\"has-text-align-center\">Juwelier Beringer hat stets eine sch\u00f6ne Auswahl an Edoxuhren am Lager. Gerne bestellen wir ihnen ihren Favoriten auch zur Ansicht! Fragen sie!<\/p>\n\n\n\nngg_shortcode_0_placeholder\n","protected":false},"excerpt":{"rendered":"<p>EDOX &#8211; Au\u00dfergew\u00f6hnliche Uhren Schweizer Uhrentradition seit 1884 Juwelier Beringer hat stets eine sch\u00f6ne Auswahl an Edoxuhren am Lager. Gerne bestellen wir ihnen ihren Favoriten auch zur Ansicht! Fragen sie!<\/p>\n","protected":false},"author":1,"featured_media":1396,"parent":95,"menu_order":0,"comment_status":"closed","ping_status":"closed","template":"","meta":{"_monsterinsights_skip_tracking":false,"_monsterinsights_sitenote_active":false,"_monsterinsights_sitenote_note":"","_monsterinsights_sitenote_category":0,"ngg_post_thumbnail":0,"jetpack_post_was_ever_published":false,"footnotes":""},"class_list":["post-1394","page","type-page","status-publish","has-post-thumbnail","hentry"],"jetpack_sharing_enabled":true,"jetpack_shortlink":"https:\/\/wp.me\/P9pCGP-mu","_links":{"self":[{"href":"https:\/\/juwelierberinger.de\/index.php?rest_route=\/wp\/v2\/pages\/1394","targetHints":{"allow":["GET"]}}],"collection":[{"href":"https:\/\/juwelierberinger.de\/index.php?rest_route=\/wp\/v2\/pages"}],"about":[{"href":"https:\/\/juwelierberinger.de\/index.php?rest_route=\/wp\/v2\/types\/page"}],"author":[{"embeddable":true,"href":"https:\/\/juwelierberinger.de\/index.php?rest_route=\/wp\/v2\/users\/1"}],"replies":[{"embeddable":true,"href":"https:\/\/juwelierberinger.de\/index.php?rest_route=%2Fwp%2Fv2%2Fcomments&post=1394"}],"version-history":[{"count":3,"href":"https:\/\/juwelierberinger.de\/index.php?rest_route=\/wp\/v2\/pages\/1394\/revisions"}],"predecessor-version":[{"id":1414,"href":"https:\/\/juwelierberinger.de\/index.php?rest_route=\/wp\/v2\/pages\/1394\/revisions\/1414"}],"up":[{"embeddable":true,"href":"https:\/\/juwelierberinger.de\/index.php?rest_route=\/wp\/v2\/pages\/95"}],"wp:featuredmedia":[{"embeddable":true,"href":"https:\/\/juwelierberinger.de\/index.php?rest_route=\/wp\/v2\/media\/1396"}],"wp:attachment":[{"href":"https:\/\/juwelierberinger.de\/index.php?rest_route=%2Fwp%2Fv2%2Fmedia&parent=1394"}],"curies":[{"name":"wp","href":"https:\/\/api.w.org\/{rel}","templated":true}]}}