{"id":143,"date":"2017-03-09T10:46:06","date_gmt":"2017-03-09T10:46:06","guid":{"rendered":"http:\/\/juwelierberinger.de\/?page_id=143"},"modified":"2024-04-01T14:39:30","modified_gmt":"2024-04-01T12:39:30","slug":"agbs-datenschutz","status":"publish","type":"page","link":"https:\/\/juwelierberinger.de\/?page_id=143","title":{"rendered":"AGB\u00b4s Datenschutz"},"content":{"rendered":"<p>AGB\u00b4s<br \/>\n1. Geltung<br \/>\nLieferungen, Leistungen, Angebote und Verk\u00e4ufe erfolgen ausschlie\u00dflich aufgrund der nachfolgenden Bedingungen. Unsere AGB werden Bestandteil aller abgeschlossenen Vertr\u00e4ge. Mit der Erteilung des Auftrages werden diese AGB durch den Kunden anerkannt. Einkaufs- und \/ oder Zahlungsbedingungen des K\u00e4ufers gelten nur, wenn die Fa. Juwelier Beringer e.K. \u2013 vertreten durch Inhaberin Stephanie Correia de Castro, Stammheim<br \/>\n1.1<br \/>\nDiese Allgemeinen Gesch\u00e4ftsbedingungen gelten f\u00fcr s\u00e4mtliche zwischen der Fa. Juwelier Beringer e.K. \u2013 vertreten durch Inhaberin Stephanie Correia de Castro \u2013 und seinem Kunden, abgeschlossenen Vertr\u00e4ge.<br \/>\n1.2<br \/>\nSchriftliche und m\u00fcndliche Angebote von der Fa. Juwelier Beringer e.K. \u2013 vertreten durch Inhaberin Stephanie Correia de Castro \u2013 sind freibleibend und unverbindlich, selbst wenn sie nicht so gekennzeichnet sind.<br \/>\n1.3<br \/>\nDie Angebote aus dem Internet verstehen sich als unverbindliches Angebot (invitatio ad offerendum).<br \/>\n2. Preise und Versandkosten<br \/>\nS\u00e4mtliche m\u00fcndlich oder schriftlich ver\u00f6ffentlichten Preise sind unverbindlich; Irrt\u00fcmer und kurzfristige Preis\u00e4nderungen sind stets vorbehalten. Alle Preise verstehen sich, wie angegeben, in EURO einschlie\u00dflich der gesetzlichen Mehrwertsteuer, ausschlie\u00dflich Versandkosten.<br \/>\n2.1 Versandkosten innerhalb Deutschlands<br \/>\nEin Paket versicherter Versand bis 400,- \u20acuro kostet 10,- \u20acuro<br \/>\nEin Pakte versicherter Versand bis 10 000,- \u20acuro Wert kostet 18,- \u20acuro<br \/>\nH\u00f6here Werte auf Anfrage<br \/>\n2.2 Versandkosten Beneluxl\u00e4nder und \u00d6sterreich<br \/>\nAuf Anfrage<br \/>\n2.3 Versandkosten weiterer EU-L\u00e4nder und weltweit<br \/>\nAuf Anfrage<br \/>\n3.1 Eigentumsvorbehalt<br \/>\nDie gelieferte Ware bleibt bis zur vollst\u00e4ndigen Bezahlung s\u00e4mtlicher aus der Gesch\u00e4ftsbeziehung herr\u00fchrender Forderungen, einschlie\u00dflich Nebenforderungen und Schadensersatzanspr\u00fcchen, auch aus der Einl\u00f6sung von Schecks und Wechseln, das Eigentum der Fa. Juwelier Beringer e.K. \u2013 vertreten durch Inhaberin Stephanie Correia de Castro<br \/>\n3.2 Zahlungsverzug<br \/>\nIm Falle des Zahlungsverzugs des K\u00e4ufers, des Antrags auf Er\u00f6ffnung des Insolvenzverfahrens, eine \u00dcbertragung des Anwartschaftsrechts auf Dritte oder des \u00dcbergangs des Gesch\u00e4ftsbetriebes des K\u00e4ufers auf Dritte ist die Fa. Juwelier Beringer e.K. \u2013 vertreten durch Inhaberin Stephanie Correia de Castro\u2013 berechtigt, auch ohne vom Vertrag zur\u00fcck zu treten, die gelieferte Ware zur\u00fcckzunehmen. In der Zur\u00fccknahme der Ware durch uns liegt kein R\u00fccktritt vom Vertrag, wenn die Fa. Juwelier Beringer e.K., dies nicht ausdr\u00fccklich schriftlich erkl\u00e4rt. Die Fa. Juwelier Beringer e.K. ist nach R\u00fccknahme der Vorbehaltsware zu deren freih\u00e4ndiger Verwertung befugt. Der Verwertungserl\u00f6s ist auf die Verbindlichkeit des K\u00e4ufers abz\u00fcglich angemessener Verwertungskosten anzurechnen.<br \/>\n3.3 Verpf\u00e4ndung<br \/>\nEine Verpf\u00e4ndung oder Sicherungs\u00fcbereignung der Vorbehaltsware ist dem K\u00e4ufer untersagt. Bei Pf\u00e4ndungen, Beschlagnahmen oder sonstigen Verf\u00fcgungen oder Eingriffen Dritter in die Vorbehaltsware oder in die im Voraus abgetretenen Forderungen, hat der K\u00e4ufer die Fa. Juwelier Beringer e.K.&nbsp; unverz\u00fcglich zu benachrichtigen und die f\u00fcr eine Intervention notwendigen Unterlagen zur Verf\u00fcgung zu stellen.<br \/>\n3.4<br \/>\nAls Erf\u00fcllungstag gilt der Zeitpunkt, an dem die Fa. Juwelier Beringer e.K.&nbsp; \u00fcber den Betrag verf\u00fcgen kann. Bei verschuldetem \u00dcberschreiten der vereinbarten Zahlungstermine treten, ohne dass es einer besonderen Mahnung bedarf, die Verzugsfolgen ein. Unter Vorbehalt der Geltendmachung anderer und weiterer Rechte werden zurzeit j\u00e4hrlich Verzugszinsen in H\u00f6he von 8 Prozentpunkten \u00fcber dem Basiszinssatz berechnet.<br \/>\n4. R\u00fcckgaberecht<br \/>\nDie Fa. Juwelier Beringer e.K.&nbsp; r\u00e4umt dem K\u00e4ufer bei Bestellung vorr\u00e4tiger Handelsware ein zweiw\u00f6chiges R\u00fcckgaberecht ein. Die Kosten der R\u00fccksendung tr\u00e4gt der K\u00e4ufer. Der Kunde hat f\u00fcr eine durch die bestimmungsgem\u00e4\u00dfe Ingebrauchnahme der Sache entstandene Verschlechterung Wertersatz zu leisten. Die R\u00fcckgabe der Waren muss mit versicherter Fracht \/ Paketdienst erfolgen. (R\u00fccksendeauftrag f\u00fcr versicherten Wertversand gerne \u00fcber Juwelier Beringer e.K.&nbsp; anfragen)<br \/>\n4.1 Ausschluss des R\u00fcckgaberechts<br \/>\nEine R\u00fcckgaberecht gilt nicht f\u00fcr Schmuck, der nach Kundenw\u00fcnschen angefertigt oder ver\u00e4ndert wurde. Au\u00dferdem gilt es auch nicht f\u00fcr gekaufte Gutscheine. Gekaufte Gutscheine <span style=\"font: 400 14px\/23.99px 'PT Sans',Helvetica,Arial,sans-serif; text-align: left; color: #333333; text-transform: none; text-indent: 0px; letter-spacing: normal; text-decoration: none; word-spacing: 0px; display: inline !important; white-space: normal; orphans: 2; font-size-adjust: none; font-stretch: normal; float: none; -webkit-text-stroke-width: 0px; background-color: transparent;\">werden nicht wieder r\u00fcckg\u00e4ngig ausbezahlt!. Es werden auch keine Restbetr\u00e4ge bei Teilverwendungen des Gutscheines ausbezahlt. Diese bleiben aber selbstverst\u00e4ndlich weiterhin stehen und g\u00fcltig!<\/span> <span style=\"font: 400 14px\/23.99px 'PT Sans',Helvetica,Arial,sans-serif; text-align: left; color: #333333; text-transform: none; text-indent: 0px; letter-spacing: normal; text-decoration: none; word-spacing: 0px; display: inline !important; white-space: normal; orphans: 2; font-size-adjust: none; font-stretch: normal; float: none; -webkit-text-stroke-width: 0px; background-color: transparent;\">&nbsp;<\/span><br \/>\n5. Zahlungsbedingungen<br \/>\nDie Lieferung erfolgt nach Eingang der Zahlung des Kaufpreises per \u00dcberweisung, Nachnahme oder Barzahlung. Unter jeweiliger Absprache mit der Fa. Juwelier Beringer e.K. k\u00f6nnen auch andere Zahlungsvereinbarungen getroffen werden. Die Zahlung gilt erst dann als geleistet, wenn der zu zahlende Betrag dem Gesch\u00e4ftskonto der Fa. Juwelier Beringer e.K. gutgeschrieben ist.<\/p>\n<p>6. Goldankauf<\/p>\n<p>Juwelier Beringer e.K. kauf ihr Gold an &#8211; stets fair und transparent. Sie geben uns ihr Gold, wir pr\u00fcfen es und geben ihnen eine Gebot ab. Dann entscheiden sie, ob sie es annehmen oder nicht. Das Gebot, dass sie von uns erhalten ist der tats\u00e4chliche Auszahlungsbetrag. D. h. anfallende Kosten, wie Versicherung, Scheidekosten, Schmelzverlust, falls gew\u00fcnscht Steine Ausfassen, Kursrisiko und auch unsere Provision sind dann bereits abgezogen.&nbsp;<\/p>\n<p>Kleine Mengen erhalten sie in der Regel sofort in bar, gr\u00f6\u00dfere Mengen nach Vereinbarung in bar oder per \u00dcberweisung. Wenn sie bei gr\u00f6\u00dferen, zu pr\u00fcfenden Mengen uns die Genehmigung erteilen, das Gold sofort an die Scheideanstalt weiterzureichen, erhalten sie in der Regel das Geld am schnellsten auf ihr Konto \u00fcberwiesen.<\/p>\n<p>Alles l\u00e4uft nach Absprache und wird nach ihren W\u00fcnschen geregelt!<\/p>\n<p>7. Urheberrecht und Lizenzvergabe<br \/>\nAlle Urheberrechte an den von Stephanie Correia de Castro oder der Fa. Juwelier Beringer e.K.&nbsp; erstellten Angebote, Zeichnungen, Entw\u00fcrfe, Geschmacksmuster und Darstellungen verbleiben in der Fa. Juwelier Beringer e.K. . Es sei denn, die Parteien haben eine andere Vereinbarung, z. B. Lizenzvergabe, getroffen.<br \/>\n8. Nebenabreden<br \/>\nNebenabreden, \u00c4nderungen oder Erg\u00e4nzungen zu diesen Allgemeinen Gesch\u00e4ftsbedingungen oder Vertr\u00e4gen bed\u00fcrfen zu ihrer Wirksamkeit der schriftlichen Best\u00e4tigung der Fa. Juwelier Beringer e.K.<br \/>\n9. Haftungsausschluss<br \/>\nEs wird keine Haftung \u00fcbernommen f\u00fcr Kunden-Steinmaterial oder Kunden-Schmuckst\u00fccke sollte bei der Bearbeitung, trotz fachgerechter und sorgf\u00e4ltiger Behandlung und bestem fachlichem Wissen, ein Schadensfall eintreten.<br \/>\n10. Datenschutz<br \/>\nAlle zur Auftragsabwicklung gespeicherten personenbezogenen Daten werden nicht weitergegeben, sondern vertraulich behandelt. Es gilt grunds\u00e4tzlich das Recht der Bundesrepublik Deutschland.<\/p>\n<p>Datenschutz<br \/>\nDie Nutzung unserer Webseite ist in der Regel ohne Angabe personenbezogener Daten m\u00f6glich. Soweit auf unseren Seiten personenbezogene Daten (beispielsweise Name, Anschrift oder eMail-Adressen) erhoben werden, erfolgt dies, soweit m\u00f6glich, stets auf freiwilliger Basis. Diese Daten werden ohne Ihre ausdr\u00fcckliche Zustimmung nicht an Dritte weitergegeben.<br \/>\nWir weisen darauf hin, dass die Daten\u00fcbertragung im Internet (z.B. bei der Kommunikation per E-Mail) Sicherheitsl\u00fccken aufweisen kann. Ein l\u00fcckenloser Schutz der Daten vor dem Zugriff durch Dritte ist nicht m\u00f6glich.<br \/>\nDer Nutzung von im Rahmen der Impressumspflicht ver\u00f6ffentlichten Kontaktdaten durch Dritte zur \u00dcbersendung von nicht ausdr\u00fccklich angeforderter Werbung und Informationsmaterialien wird hiermit ausdr\u00fccklich widersprochen. Die Betreiber der Seiten behalten sich ausdr\u00fccklich rechtliche Schritte im Falle der unverlangten Zusendung von Werbeinformationen, etwa durch Spam-Mails, vor.<br \/>\nDatenschutzerkl\u00e4rung f\u00fcr die Nutzung von Facebook-Plugins (Like-Button)<br \/>\nAuf unseren Seiten sind Plugins des sozialen Netzwerks Facebook (Facebook Inc., 1601 Willow Road, Menlo Park, California, 94025, USA) integriert. Die Facebook-Plugins erkennen Sie an dem Facebook-Logo oder dem \u201cLike-Button\u201d (\u201cGef\u00e4llt mir\u201d) auf unserer Seite. Eine \u00dcbersicht \u00fcber die Facebook-Plugins finden Sie hier: http:\/\/developers.facebook.com\/docs\/plugins\/.<br \/>\nWenn Sie unsere Seiten besuchen, wird \u00fcber das Plugin eine direkte Verbindung zwischen Ihrem Browser und dem Facebook-Server hergestellt. Facebook erh\u00e4lt dadurch die Information, dass Sie mit Ihrer IP-Adresse unsere Seite besucht haben. Wenn Sie den Facebook \u201cLike-Button\u201d anklicken w\u00e4hrend Sie in Ihrem Facebook-Account eingeloggt sind, k\u00f6nnen Sie die Inhalte unserer Seiten auf Ihrem Facebook-Profil verlinken. Dadurch kann Facebook den Besuch unserer Seiten Ihrem Benutzerkonto zuordnen. Wir weisen darauf hin, dass wir als Anbieter der Seiten keine Kenntnis vom Inhalt der \u00fcbermittelten Daten sowie deren Nutzung durch Facebook erhalten. Weitere Informationen hierzu finden Sie in der Datenschutzerkl\u00e4rung von facebook unter http:\/\/de-de.facebook.com\/policy.php<br \/>\nWenn Sie nicht w\u00fcnschen, dass Facebook den Besuch unserer Seiten Ihrem Facebook-Nutzerkonto zuordnen kann, loggen Sie sich bitte aus Ihrem Facebook-Benutzerkonto aus.<\/p>\n<p>Es gilt deutsches Recht.<\/p>\n<p>W\u00fcrzburg, 01.04.2024<\/p>\n","protected":false},"excerpt":{"rendered":"<p>AGB\u00b4s 1. Geltung Lieferungen, Leistungen, Angebote und Verk\u00e4ufe erfolgen ausschlie\u00dflich aufgrund der nachfolgenden Bedingungen. Unsere AGB werden Bestandteil aller abgeschlossenen Vertr\u00e4ge. Mit der Erteilung des Auftrages werden diese AGB durch den Kunden anerkannt. Einkaufs- und \/ oder Zahlungsbedingungen des K\u00e4ufers gelten nur, wenn die Fa. Juwelier Beringer e.K. \u2013 vertreten durch Inhaberin Stephanie Correia de [&hellip;]<\/p>\n","protected":false},"author":1,"featured_media":0,"parent":0,"menu_order":10,"comment_status":"closed","ping_status":"closed","template":"","meta":{"_monsterinsights_skip_tracking":false,"_monsterinsights_sitenote_active":false,"_monsterinsights_sitenote_note":"","_monsterinsights_sitenote_category":0,"ngg_post_thumbnail":0,"jetpack_post_was_ever_published":false,"footnotes":""},"class_list":["post-143","page","type-page","status-publish","hentry"],"jetpack_sharing_enabled":true,"jetpack_shortlink":"https:\/\/wp.me\/P9pCGP-2j","_links":{"self":[{"href":"https:\/\/juwelierberinger.de\/index.php?rest_route=\/wp\/v2\/pages\/143","targetHints":{"allow":["GET"]}}],"collection":[{"href":"https:\/\/juwelierberinger.de\/index.php?rest_route=\/wp\/v2\/pages"}],"about":[{"href":"https:\/\/juwelierberinger.de\/index.php?rest_route=\/wp\/v2\/types\/page"}],"author":[{"embeddable":true,"href":"https:\/\/juwelierberinger.de\/index.php?rest_route=\/wp\/v2\/users\/1"}],"replies":[{"embeddable":true,"href":"https:\/\/juwelierberinger.de\/index.php?rest_route=%2Fwp%2Fv2%2Fcomments&post=143"}],"version-history":[{"count":8,"href":"https:\/\/juwelierberinger.de\/index.php?rest_route=\/wp\/v2\/pages\/143\/revisions"}],"predecessor-version":[{"id":1959,"href":"https:\/\/juwelierberinger.de\/index.php?rest_route=\/wp\/v2\/pages\/143\/revisions\/1959"}],"wp:attachment":[{"href":"https:\/\/juwelierberinger.de\/index.php?rest_route=%2Fwp%2Fv2%2Fmedia&parent=143"}],"curies":[{"name":"wp","href":"https:\/\/api.w.org\/{rel}","templated":true}]}}