{"id":1858,"date":"2023-03-20T20:52:32","date_gmt":"2023-03-20T18:52:32","guid":{"rendered":"https:\/\/juwelierberinger.de\/?page_id=1858"},"modified":"2023-03-20T20:55:06","modified_gmt":"2023-03-20T18:55:06","slug":"abeler-soehne","status":"publish","type":"page","link":"https:\/\/juwelierberinger.de\/?page_id=1858","title":{"rendered":"Abeler &#038; S\u00f6hne"},"content":{"rendered":"\n<h2 class=\"wp-block-heading\">ABELER &amp; S\u00d6HNE IST ZEIT MIT CHARAKTER.<\/h2>\n\n\n\n<p>Seit vier Generationen sind Uhren mit dem Namen Abeler Synonym f\u00fcr exzellente Verarbeitung, hohe Pr\u00e4zision und die durch vier Generationen getragene Leidenschaft einer Familie f\u00fcr die Zeit. Seit Verkauf der ersten Abeler-Uhren im Jahr 1898 durch Heinrich Abeler und ihrem Relaunch im Jahr 2007 steht die Marke Abeler &amp; S\u00f6hne f\u00fcr Handwerkskunst \u00a0\u201eMade in Germany\u201d \u2013 anspruchsvoll, zuverl\u00e4ssig und mit Sinn f\u00fcrs Detail.<\/p>\n\n\n\n<p><\/p>\n\n\n\n<p><a href=\"https:\/\/shop.abeler-soehne.de\/beringer\" target=\"_blank\" rel=\"noreferrer noopener\">Hier k\u00f6nnen sie direkt Uhren anschauen!<\/a><\/p>\n\n\n\n<figure class=\"wp-block-image size-full\"><a href=\"https:\/\/juwelierberinger.de\/wp-content\/uploads\/2023\/03\/image.png\"><img fetchpriority=\"high\" decoding=\"async\" width=\"384\" height=\"135\" src=\"https:\/\/juwelierberinger.de\/wp-content\/uploads\/2023\/03\/image.png\" alt=\"\" class=\"wp-image-1859\" srcset=\"https:\/\/juwelierberinger.de\/wp-content\/uploads\/2023\/03\/image.png 384w, https:\/\/juwelierberinger.de\/wp-content\/uploads\/2023\/03\/image-300x105.png 300w, https:\/\/juwelierberinger.de\/wp-content\/uploads\/2023\/03\/image-171x60.png 171w, https:\/\/juwelierberinger.de\/wp-content\/uploads\/2023\/03\/image-256x90.png 256w\" sizes=\"(max-width: 384px) 100vw, 384px\" \/><\/a><\/figure>\n\n\n\n<figure class=\"wp-block-video\"><video height=\"1920\" style=\"aspect-ratio: 1080 \/ 1920;\" width=\"1080\" controls src=\"https:\/\/juwelierberinger.de\/wp-content\/uploads\/2023\/03\/AS2695-1204778_8.mov\"><\/video><\/figure>\n","protected":false},"excerpt":{"rendered":"<p>ABELER &amp; S\u00d6HNE IST ZEIT MIT CHARAKTER. Seit vier Generationen sind Uhren mit dem Namen Abeler Synonym f\u00fcr exzellente Verarbeitung, hohe Pr\u00e4zision und die durch vier Generationen getragene Leidenschaft einer Familie f\u00fcr die Zeit. Seit Verkauf der ersten Abeler-Uhren im Jahr 1898 durch Heinrich Abeler und ihrem Relaunch im Jahr 2007 steht die Marke Abeler [&hellip;]<\/p>\n","protected":false},"author":1,"featured_media":0,"parent":95,"menu_order":-1,"comment_status":"closed","ping_status":"closed","template":"","meta":{"_monsterinsights_skip_tracking":false,"_monsterinsights_sitenote_active":false,"_monsterinsights_sitenote_note":"","_monsterinsights_sitenote_category":0,"ngg_post_thumbnail":0,"jetpack_post_was_ever_published":false,"footnotes":""},"class_list":["post-1858","page","type-page","status-publish","hentry"],"jetpack_sharing_enabled":true,"jetpack_shortlink":"https:\/\/wp.me\/P9pCGP-tY","_links":{"self":[{"href":"https:\/\/juwelierberinger.de\/index.php?rest_route=\/wp\/v2\/pages\/1858","targetHints":{"allow":["GET"]}}],"collection":[{"href":"https:\/\/juwelierberinger.de\/index.php?rest_route=\/wp\/v2\/pages"}],"about":[{"href":"https:\/\/juwelierberinger.de\/index.php?rest_route=\/wp\/v2\/types\/page"}],"author":[{"embeddable":true,"href":"https:\/\/juwelierberinger.de\/index.php?rest_route=\/wp\/v2\/users\/1"}],"replies":[{"embeddable":true,"href":"https:\/\/juwelierberinger.de\/index.php?rest_route=%2Fwp%2Fv2%2Fcomments&post=1858"}],"version-history":[{"count":4,"href":"https:\/\/juwelierberinger.de\/index.php?rest_route=\/wp\/v2\/pages\/1858\/revisions"}],"predecessor-version":[{"id":1864,"href":"https:\/\/juwelierberinger.de\/index.php?rest_route=\/wp\/v2\/pages\/1858\/revisions\/1864"}],"up":[{"embeddable":true,"href":"https:\/\/juwelierberinger.de\/index.php?rest_route=\/wp\/v2\/pages\/95"}],"wp:attachment":[{"href":"https:\/\/juwelierberinger.de\/index.php?rest_route=%2Fwp%2Fv2%2Fmedia&parent=1858"}],"curies":[{"name":"wp","href":"https:\/\/api.w.org\/{rel}","templated":true}]}}