{"id":226,"date":"2017-07-27T16:20:51","date_gmt":"2017-07-27T16:20:51","guid":{"rendered":"http:\/\/juwelierberinger.de\/?page_id=226"},"modified":"2024-09-24T15:26:58","modified_gmt":"2024-09-24T13:26:58","slug":"schmuck","status":"publish","type":"page","link":"https:\/\/juwelierberinger.de\/?page_id=226","title":{"rendered":"Schmuck"},"content":{"rendered":"<h1 id=\"id_597b097926c892f48277883\" class=\"text_exposed_root text_exposed\">Beringer bietet ihnen ein umfassendes feines Sortiment an Schmuck.<\/h1>\n<div>&nbsp;<\/div>\n<div class=\"text_exposed_root text_exposed\">Artikel, die sich nach der Mode richten, aber auch edle Schmuckst\u00fccke, sowie Unikate im Echtschmuckbereich \u2013 stets zu bek\u00f6mmlichen Preisen, mit welchen wir seit Jahren unsere Kunden \u00fcberzeugen.<\/div>\n<div class=\"text_exposed_root text_exposed\">Zum Beispiel der gef\u00e4llige, stets aktuel<span class=\"text_exposed_show\">le Schmuck der Marke Boccia <\/span><\/div>\n<div class=\"text_exposed_root text_exposed\"><span class=\"text_exposed_show\">oder pfiffiger, trendiger Schmuck aus Italien \u2013 stets zu erschwinglichen Preisen!<\/span><\/div>\n<div>&nbsp;<\/div>\n<h4>Exklusiv in Schweinfurt:<\/h4>\n<ul>\n<li><a href=\"http:\/\/solineli.de\/\" target=\"_blank\" rel=\"noopener\">Solineli<\/a> &#8211; Echtschmuck gefertigt in einer Deutschen Meistergoldschmiede (<a href=\"https:\/\/moebius-schmuck.de\/\" target=\"_blank\" rel=\"noopener\">M\u00f6biusschmuck<\/a> und Anderes) unsere eigene Marke<\/li>\n<li>Nomination&nbsp;<\/li>\n<li>Davosa<\/li>\n<li>Bauhausuhren<\/li>\n<li><a href=\"https:\/\/www.amodoro.de\/3d\/ehering-konfigurator\" target=\"_blank\" rel=\"noopener\">Amodoro<\/a> (Trauringe und Verlobungsringe \u00fcber die Goldschmiede Thein in W\u00fcrzburg)<\/li>\n<\/ul>\n<div class=\"text_exposed_root text_exposed\"><span class=\"text_exposed_show\"><br \/>\nDas qualifizierte Fachpersonal ber\u00e4t sie in allen Fragen gerne und ausf\u00fchrlich. <\/span><\/div>\n<div class=\"text_exposed_root text_exposed\"><span class=\"text_exposed_show\">&nbsp;<\/span><\/div>\nngg_shortcode_0_placeholder\n","protected":false},"excerpt":{"rendered":"<p>Beringer bietet ihnen ein umfassendes feines Sortiment an Schmuck. &nbsp; Artikel, die sich nach der Mode richten, aber auch edle Schmuckst\u00fccke, sowie Unikate im Echtschmuckbereich \u2013 stets zu bek\u00f6mmlichen Preisen, mit welchen wir seit Jahren unsere Kunden \u00fcberzeugen. Zum Beispiel der gef\u00e4llige, stets aktuelle Schmuck der Marke Boccia oder pfiffiger, trendiger Schmuck aus Italien \u2013 [&hellip;]<\/p>\n","protected":false},"author":1,"featured_media":0,"parent":0,"menu_order":0,"comment_status":"closed","ping_status":"closed","template":"","meta":{"_monsterinsights_skip_tracking":false,"_monsterinsights_sitenote_active":false,"_monsterinsights_sitenote_note":"","_monsterinsights_sitenote_category":0,"ngg_post_thumbnail":0,"jetpack_post_was_ever_published":false,"footnotes":""},"class_list":["post-226","page","type-page","status-publish","hentry"],"jetpack_sharing_enabled":true,"jetpack_shortlink":"https:\/\/wp.me\/P9pCGP-3E","_links":{"self":[{"href":"https:\/\/juwelierberinger.de\/index.php?rest_route=\/wp\/v2\/pages\/226","targetHints":{"allow":["GET"]}}],"collection":[{"href":"https:\/\/juwelierberinger.de\/index.php?rest_route=\/wp\/v2\/pages"}],"about":[{"href":"https:\/\/juwelierberinger.de\/index.php?rest_route=\/wp\/v2\/types\/page"}],"author":[{"embeddable":true,"href":"https:\/\/juwelierberinger.de\/index.php?rest_route=\/wp\/v2\/users\/1"}],"replies":[{"embeddable":true,"href":"https:\/\/juwelierberinger.de\/index.php?rest_route=%2Fwp%2Fv2%2Fcomments&post=226"}],"version-history":[{"count":11,"href":"https:\/\/juwelierberinger.de\/index.php?rest_route=\/wp\/v2\/pages\/226\/revisions"}],"predecessor-version":[{"id":1977,"href":"https:\/\/juwelierberinger.de\/index.php?rest_route=\/wp\/v2\/pages\/226\/revisions\/1977"}],"wp:attachment":[{"href":"https:\/\/juwelierberinger.de\/index.php?rest_route=%2Fwp%2Fv2%2Fmedia&parent=226"}],"curies":[{"name":"wp","href":"https:\/\/api.w.org\/{rel}","templated":true}]}}