{"id":316,"date":"2017-08-18T09:51:33","date_gmt":"2017-08-18T07:51:33","guid":{"rendered":"http:\/\/juwelierberinger.de\/?page_id=316"},"modified":"2022-12-06T00:14:43","modified_gmt":"2022-12-05T22:14:43","slug":"davosa-2","status":"publish","type":"page","link":"https:\/\/juwelierberinger.de\/?page_id=316","title":{"rendered":"Davosa"},"content":{"rendered":"<h1 style=\"text-align: center;\">Unsere Philosophie<\/h1>\n<h2 style=\"text-align: center;\">Leidenschaft f\u00fcr sch\u00f6ne Uhren<\/h2>\n<p style=\"text-align: center;\">Wir bei DAVOSA Swiss bauen Uhren f\u00fcr Menschen, die sich von Uhren faszinieren lassen, mit viel Know-how und ebenso viel Begeisterung. Das ist unsere Philosophie, auf die sich Uhrenliebhaber auf der ganzen Welt \u2013 zu Recht \u2013 verlassen.<\/p>\n<p>&nbsp;<\/p>\n<p>Juwelier Beringer hat stets eine sch\u00f6ne Auswahl an Davosauhren am Lager. Gerne bestellen wir ihnen ihren Favoriten auch zur Ansicht! Fragen sie!<\/p>\nngg_shortcode_0_placeholder\n","protected":false},"excerpt":{"rendered":"<p>Unsere Philosophie Leidenschaft f\u00fcr sch\u00f6ne Uhren Wir bei DAVOSA Swiss bauen Uhren f\u00fcr Menschen, die sich von Uhren faszinieren lassen, mit viel Know-how und ebenso viel Begeisterung. Das ist unsere Philosophie, auf die sich Uhrenliebhaber auf der ganzen Welt \u2013 zu Recht \u2013 verlassen. &nbsp; Juwelier Beringer hat stets eine sch\u00f6ne Auswahl an Davosauhren am [&hellip;]<\/p>\n","protected":false},"author":1,"featured_media":0,"parent":95,"menu_order":0,"comment_status":"closed","ping_status":"closed","template":"","meta":{"_monsterinsights_skip_tracking":false,"_monsterinsights_sitenote_active":false,"_monsterinsights_sitenote_note":"","_monsterinsights_sitenote_category":0,"ngg_post_thumbnail":0,"jetpack_post_was_ever_published":false,"footnotes":""},"class_list":["post-316","page","type-page","status-publish","hentry"],"jetpack_sharing_enabled":true,"jetpack_shortlink":"https:\/\/wp.me\/P9pCGP-56","_links":{"self":[{"href":"https:\/\/juwelierberinger.de\/index.php?rest_route=\/wp\/v2\/pages\/316","targetHints":{"allow":["GET"]}}],"collection":[{"href":"https:\/\/juwelierberinger.de\/index.php?rest_route=\/wp\/v2\/pages"}],"about":[{"href":"https:\/\/juwelierberinger.de\/index.php?rest_route=\/wp\/v2\/types\/page"}],"author":[{"embeddable":true,"href":"https:\/\/juwelierberinger.de\/index.php?rest_route=\/wp\/v2\/users\/1"}],"replies":[{"embeddable":true,"href":"https:\/\/juwelierberinger.de\/index.php?rest_route=%2Fwp%2Fv2%2Fcomments&post=316"}],"version-history":[{"count":10,"href":"https:\/\/juwelierberinger.de\/index.php?rest_route=\/wp\/v2\/pages\/316\/revisions"}],"predecessor-version":[{"id":446,"href":"https:\/\/juwelierberinger.de\/index.php?rest_route=\/wp\/v2\/pages\/316\/revisions\/446"}],"up":[{"embeddable":true,"href":"https:\/\/juwelierberinger.de\/index.php?rest_route=\/wp\/v2\/pages\/95"}],"wp:attachment":[{"href":"https:\/\/juwelierberinger.de\/index.php?rest_route=%2Fwp%2Fv2%2Fmedia&parent=316"}],"curies":[{"name":"wp","href":"https:\/\/api.w.org\/{rel}","templated":true}]}}