{"id":447,"date":"2017-11-14T21:57:58","date_gmt":"2017-11-14T19:57:58","guid":{"rendered":"http:\/\/juwelierberinger.de\/?page_id=447"},"modified":"2022-12-06T00:19:08","modified_gmt":"2022-12-05T22:19:08","slug":"aristo","status":"publish","type":"page","link":"https:\/\/juwelierberinger.de\/?page_id=447","title":{"rendered":"Aristo"},"content":{"rendered":"<h1>Aristo &#8211; Uhren gebaut seit 1907 in der Goldstadt Pforzheim<\/h1>\n<p>Zu Lande, zu Wasser und in der Luft haben ARISTO Armbanduhren sich bew\u00e4hrt.<\/p>\n<p>F\u00fcr die Zukunft garantiert Hansj\u00f6rg Vollmer: \u201eEine Uhr wird erst dann zu einer ARISTO, wenn s\u00e4mtliche Bauteile dem allerh\u00f6chstem Standard entsprechen.<\/p>\n<p>Und weil bis zu 80 Prozent der Wertsch\u00f6pfung in Deutschland erbracht werden, verdient jede ARISTO Armbanduhr mit Recht die Herkunftsbezeichnung \u201aMade in Germany\u2018<\/p>\n<p>Wir haben stets eine repr\u00e4sentative Auswahl an Aristouhren am Lager. Gerne bestellen wir auch eine Uhr zur Ansicht f\u00fcr sie.<\/p>\nngg_shortcode_0_placeholder\n","protected":false},"excerpt":{"rendered":"<p>Aristo &#8211; Uhren gebaut seit 1907 in der Goldstadt Pforzheim Zu Lande, zu Wasser und in der Luft haben ARISTO Armbanduhren sich bew\u00e4hrt. F\u00fcr die Zukunft garantiert Hansj\u00f6rg Vollmer: \u201eEine Uhr wird erst dann zu einer ARISTO, wenn s\u00e4mtliche Bauteile dem allerh\u00f6chstem Standard entsprechen. Und weil bis zu 80 Prozent der Wertsch\u00f6pfung in Deutschland erbracht [&hellip;]<\/p>\n","protected":false},"author":1,"featured_media":719,"parent":95,"menu_order":0,"comment_status":"closed","ping_status":"closed","template":"","meta":{"_monsterinsights_skip_tracking":false,"_monsterinsights_sitenote_active":false,"_monsterinsights_sitenote_note":"","_monsterinsights_sitenote_category":0,"ngg_post_thumbnail":0,"jetpack_post_was_ever_published":false,"footnotes":""},"class_list":["post-447","page","type-page","status-publish","has-post-thumbnail","hentry"],"jetpack_sharing_enabled":true,"jetpack_shortlink":"https:\/\/wp.me\/P9pCGP-7d","_links":{"self":[{"href":"https:\/\/juwelierberinger.de\/index.php?rest_route=\/wp\/v2\/pages\/447","targetHints":{"allow":["GET"]}}],"collection":[{"href":"https:\/\/juwelierberinger.de\/index.php?rest_route=\/wp\/v2\/pages"}],"about":[{"href":"https:\/\/juwelierberinger.de\/index.php?rest_route=\/wp\/v2\/types\/page"}],"author":[{"embeddable":true,"href":"https:\/\/juwelierberinger.de\/index.php?rest_route=\/wp\/v2\/users\/1"}],"replies":[{"embeddable":true,"href":"https:\/\/juwelierberinger.de\/index.php?rest_route=%2Fwp%2Fv2%2Fcomments&post=447"}],"version-history":[{"count":5,"href":"https:\/\/juwelierberinger.de\/index.php?rest_route=\/wp\/v2\/pages\/447\/revisions"}],"predecessor-version":[{"id":720,"href":"https:\/\/juwelierberinger.de\/index.php?rest_route=\/wp\/v2\/pages\/447\/revisions\/720"}],"up":[{"embeddable":true,"href":"https:\/\/juwelierberinger.de\/index.php?rest_route=\/wp\/v2\/pages\/95"}],"wp:featuredmedia":[{"embeddable":true,"href":"https:\/\/juwelierberinger.de\/index.php?rest_route=\/wp\/v2\/media\/719"}],"wp:attachment":[{"href":"https:\/\/juwelierberinger.de\/index.php?rest_route=%2Fwp%2Fv2%2Fmedia&parent=447"}],"curies":[{"name":"wp","href":"https:\/\/api.w.org\/{rel}","templated":true}]}}