{"id":544,"date":"2017-11-16T20:15:23","date_gmt":"2017-11-16T18:15:23","guid":{"rendered":"http:\/\/juwelierberinger.de\/?page_id=544"},"modified":"2021-08-28T10:07:04","modified_gmt":"2021-08-28T08:07:04","slug":"siegelringe","status":"publish","type":"page","link":"https:\/\/juwelierberinger.de\/?page_id=544","title":{"rendered":"Siegelringe"},"content":{"rendered":"<h1>M\u00e4nnergeschenk! Nat\u00fcrlich auch f\u00fcr Frauen!<\/h1>\n<p>Ein Siegelring oder Manschettenkn\u00f6pfe &#8211; mit Familienwappen, dem Hobby, eigene Initialien oder Initialien der Kinder<\/p>\n<p>in Silber, Gold oder mit einem Lagenstein. Es gibt viele M\u00f6glichkeiten!<\/p>\n<p>&nbsp;<\/p>\n<p>Wir haben Musterringe zum testen und probieren am Lager &#8211; lassen Sie sich Beraten!<\/p>\nngg_shortcode_0_placeholder\n","protected":false},"excerpt":{"rendered":"<p>M\u00e4nnergeschenk! Nat\u00fcrlich auch f\u00fcr Frauen! Ein Siegelring oder Manschettenkn\u00f6pfe &#8211; mit Familienwappen, dem Hobby, eigene Initialien oder Initialien der Kinder in Silber, Gold oder mit einem Lagenstein. Es gibt viele M\u00f6glichkeiten! &nbsp; Wir haben Musterringe zum testen und probieren am Lager &#8211; lassen Sie sich Beraten! &#8220; order_by=&#8220;sortorder&#8220; order_direction=&#8220;ASC&#8220; returns=&#8220;included&#8220; maximum_entity_count=&#8220;500&#8243;]<\/p>\n","protected":false},"author":1,"featured_media":0,"parent":0,"menu_order":0,"comment_status":"closed","ping_status":"closed","template":"","meta":{"_monsterinsights_skip_tracking":false,"_monsterinsights_sitenote_active":false,"_monsterinsights_sitenote_note":"","_monsterinsights_sitenote_category":0,"ngg_post_thumbnail":0,"jetpack_post_was_ever_published":false,"footnotes":""},"class_list":["post-544","page","type-page","status-publish","hentry"],"jetpack_sharing_enabled":true,"jetpack_shortlink":"https:\/\/wp.me\/P9pCGP-8M","_links":{"self":[{"href":"https:\/\/juwelierberinger.de\/index.php?rest_route=\/wp\/v2\/pages\/544","targetHints":{"allow":["GET"]}}],"collection":[{"href":"https:\/\/juwelierberinger.de\/index.php?rest_route=\/wp\/v2\/pages"}],"about":[{"href":"https:\/\/juwelierberinger.de\/index.php?rest_route=\/wp\/v2\/types\/page"}],"author":[{"embeddable":true,"href":"https:\/\/juwelierberinger.de\/index.php?rest_route=\/wp\/v2\/users\/1"}],"replies":[{"embeddable":true,"href":"https:\/\/juwelierberinger.de\/index.php?rest_route=%2Fwp%2Fv2%2Fcomments&post=544"}],"version-history":[{"count":5,"href":"https:\/\/juwelierberinger.de\/index.php?rest_route=\/wp\/v2\/pages\/544\/revisions"}],"predecessor-version":[{"id":1386,"href":"https:\/\/juwelierberinger.de\/index.php?rest_route=\/wp\/v2\/pages\/544\/revisions\/1386"}],"wp:attachment":[{"href":"https:\/\/juwelierberinger.de\/index.php?rest_route=%2Fwp%2Fv2%2Fmedia&parent=544"}],"curies":[{"name":"wp","href":"https:\/\/api.w.org\/{rel}","templated":true}]}}