{"id":727,"date":"2017-11-28T11:18:01","date_gmt":"2017-11-28T09:18:01","guid":{"rendered":"http:\/\/juwelierberinger.de\/?page_id=727"},"modified":"2022-12-06T00:15:53","modified_gmt":"2022-12-05T22:15:53","slug":"messerschmitt","status":"publish","type":"page","link":"https:\/\/juwelierberinger.de\/?page_id=727","title":{"rendered":"Messerschmitt"},"content":{"rendered":"<h1>Die &#8222;MESSERSCHMITT&#8220;-Legende<\/h1>\n<p>startete mit dem Langstrecken-Weltrekord einer Messerschmitt ME 108 im Jahre 1935. Und sie fand ihren vorl\u00e4ufigen H\u00f6hepunkt mit dem Kabinenroller Messerschmitt KR200, der heute gew\u00fcrdigt wird als Symbol f\u00fcr jene Wirtschaftswunder-Jahre, als in Deutschland die allgemeine Motorisierung begann.<\/p>\n<p align=\"justify\">Die Uhren und Metallband-Manufaktur ARISTO VOLLMER GmbH in Pforzheim f\u00fchrt diese Tradition weiter mit der Armbanduhren-Serie \u201eMESSERSCHMITT\u201c.<\/p>\n<p align=\"justify\">Juwelier Beringer h\u00e4lt eine erlesene Auswahl f\u00fcr sie bereit.<\/p>\nngg_shortcode_0_placeholder\n<p align=\"justify\">&nbsp;<\/p>\n","protected":false},"excerpt":{"rendered":"<p>Die &#8222;MESSERSCHMITT&#8220;-Legende startete mit dem Langstrecken-Weltrekord einer Messerschmitt ME 108 im Jahre 1935. Und sie fand ihren vorl\u00e4ufigen H\u00f6hepunkt mit dem Kabinenroller Messerschmitt KR200, der heute gew\u00fcrdigt wird als Symbol f\u00fcr jene Wirtschaftswunder-Jahre, als in Deutschland die allgemeine Motorisierung begann. Die Uhren und Metallband-Manufaktur ARISTO VOLLMER GmbH in Pforzheim f\u00fchrt diese Tradition weiter mit der [&hellip;]<\/p>\n","protected":false},"author":1,"featured_media":728,"parent":95,"menu_order":0,"comment_status":"closed","ping_status":"closed","template":"","meta":{"_monsterinsights_skip_tracking":false,"_monsterinsights_sitenote_active":false,"_monsterinsights_sitenote_note":"","_monsterinsights_sitenote_category":0,"ngg_post_thumbnail":0,"jetpack_post_was_ever_published":false,"footnotes":""},"class_list":["post-727","page","type-page","status-publish","has-post-thumbnail","hentry"],"jetpack_sharing_enabled":true,"jetpack_shortlink":"https:\/\/wp.me\/P9pCGP-bJ","_links":{"self":[{"href":"https:\/\/juwelierberinger.de\/index.php?rest_route=\/wp\/v2\/pages\/727","targetHints":{"allow":["GET"]}}],"collection":[{"href":"https:\/\/juwelierberinger.de\/index.php?rest_route=\/wp\/v2\/pages"}],"about":[{"href":"https:\/\/juwelierberinger.de\/index.php?rest_route=\/wp\/v2\/types\/page"}],"author":[{"embeddable":true,"href":"https:\/\/juwelierberinger.de\/index.php?rest_route=\/wp\/v2\/users\/1"}],"replies":[{"embeddable":true,"href":"https:\/\/juwelierberinger.de\/index.php?rest_route=%2Fwp%2Fv2%2Fcomments&post=727"}],"version-history":[{"count":3,"href":"https:\/\/juwelierberinger.de\/index.php?rest_route=\/wp\/v2\/pages\/727\/revisions"}],"predecessor-version":[{"id":753,"href":"https:\/\/juwelierberinger.de\/index.php?rest_route=\/wp\/v2\/pages\/727\/revisions\/753"}],"up":[{"embeddable":true,"href":"https:\/\/juwelierberinger.de\/index.php?rest_route=\/wp\/v2\/pages\/95"}],"wp:featuredmedia":[{"embeddable":true,"href":"https:\/\/juwelierberinger.de\/index.php?rest_route=\/wp\/v2\/media\/728"}],"wp:attachment":[{"href":"https:\/\/juwelierberinger.de\/index.php?rest_route=%2Fwp%2Fv2%2Fmedia&parent=727"}],"curies":[{"name":"wp","href":"https:\/\/api.w.org\/{rel}","templated":true}]}}