{"id":95,"date":"2016-07-07T09:20:18","date_gmt":"2016-07-07T09:20:18","guid":{"rendered":"http:\/\/juwelierberinger.de\/?page_id=95"},"modified":"2023-03-20T20:45:29","modified_gmt":"2023-03-20T18:45:29","slug":"uhren","status":"publish","type":"page","link":"https:\/\/juwelierberinger.de\/?page_id=95","title":{"rendered":"Uhren"},"content":{"rendered":"<h2><strong>Wir haben eine sch\u00f6ne Auswahl von zuverl\u00e4ssigen Uhren:<\/strong><\/h2>\n<h5>Deutsche Marken wie:<\/h5>\n<p><a href=\"https:\/\/juwelierberinger.de\/?page_id=447\">Aristo<\/a>, Abeler&amp; S\u00f6hne, <a href=\"https:\/\/juwelierberinger.de\/?page_id=316\">Davosa<\/a>, <a href=\"https:\/\/juwelierberinger.de\/?page_id=1392\">Bauhausuhren<\/a>, <a href=\"https:\/\/juwelierberinger.de\/?page_id=727\">Messerschmitt<\/a>, Boccia, Regent,&#8230;..<\/p>\n<p>oder auch aus der Schweiz:<\/p>\n<p><a href=\"https:\/\/juwelierberinger.de\/?page_id=1394\">Edox<\/a>, Epos,&#8230;<\/p>\n<p>Au\u00dferdem f\u00fchren wir eine erlesene Auswahl an Weckern und auch Wanduhren.<\/p>\n<p>Wir freuen uns auf ihren Besuch!<\/p>\n","protected":false},"excerpt":{"rendered":"<p>Wir haben eine sch\u00f6ne Auswahl von zuverl\u00e4ssigen Uhren: Deutsche Marken wie: Aristo, Abeler&amp; S\u00f6hne, Davosa, Bauhausuhren, Messerschmitt, Boccia, Regent,&#8230;.. oder auch aus der Schweiz: Edox, Epos,&#8230; Au\u00dferdem f\u00fchren wir eine erlesene Auswahl an Weckern und auch Wanduhren. Wir freuen uns auf ihren Besuch!<\/p>\n","protected":false},"author":1,"featured_media":1396,"parent":0,"menu_order":2,"comment_status":"closed","ping_status":"closed","template":"","meta":{"_monsterinsights_skip_tracking":false,"_monsterinsights_sitenote_active":false,"_monsterinsights_sitenote_note":"","_monsterinsights_sitenote_category":0,"ngg_post_thumbnail":0,"jetpack_post_was_ever_published":false,"footnotes":""},"class_list":["post-95","page","type-page","status-publish","has-post-thumbnail","hentry"],"jetpack_sharing_enabled":true,"jetpack_shortlink":"https:\/\/wp.me\/P9pCGP-1x","_links":{"self":[{"href":"https:\/\/juwelierberinger.de\/index.php?rest_route=\/wp\/v2\/pages\/95","targetHints":{"allow":["GET"]}}],"collection":[{"href":"https:\/\/juwelierberinger.de\/index.php?rest_route=\/wp\/v2\/pages"}],"about":[{"href":"https:\/\/juwelierberinger.de\/index.php?rest_route=\/wp\/v2\/types\/page"}],"author":[{"embeddable":true,"href":"https:\/\/juwelierberinger.de\/index.php?rest_route=\/wp\/v2\/users\/1"}],"replies":[{"embeddable":true,"href":"https:\/\/juwelierberinger.de\/index.php?rest_route=%2Fwp%2Fv2%2Fcomments&post=95"}],"version-history":[{"count":13,"href":"https:\/\/juwelierberinger.de\/index.php?rest_route=\/wp\/v2\/pages\/95\/revisions"}],"predecessor-version":[{"id":1857,"href":"https:\/\/juwelierberinger.de\/index.php?rest_route=\/wp\/v2\/pages\/95\/revisions\/1857"}],"wp:featuredmedia":[{"embeddable":true,"href":"https:\/\/juwelierberinger.de\/index.php?rest_route=\/wp\/v2\/media\/1396"}],"wp:attachment":[{"href":"https:\/\/juwelierberinger.de\/index.php?rest_route=%2Fwp%2Fv2%2Fmedia&parent=95"}],"curies":[{"name":"wp","href":"https:\/\/api.w.org\/{rel}","templated":true}]}}